{"id":61184,"date":"2022-11-06T01:29:37","date_gmt":"2022-11-05T22:29:37","guid":{"rendered":"https:\/\/mersintimes.com\/?page_id=61184"},"modified":"2022-11-06T01:29:37","modified_gmt":"2022-11-05T22:29:37","slug":"sokak-roportaji-haberi","status":"publish","type":"page","link":"https:\/\/mersintimes.com\/?page_id=61184","title":{"rendered":"Sokak R\u00f6portaj\u0131 haberi"},"content":{"rendered":"<p><strong>Sokak r\u00f6portaj\u0131nda iktidar\u0131 ele\u015ftiren Nevzat C\u0130NG\u00d6Z&#8217;e g\u00f6zalt\u0131\u00a0 \u00a0 \u00a0<\/strong> \u00a0 \u00a0 \u00a0 \u00a0 \u00a0 \u00a0 \u00a0 \u00a0 \u00a0 \u00a0 \u00a0 \u00a0 \u00a0 \u00a0 \u00a0 \u00a0 \u00a0 \u00a0 \u00a0 \u00a0 \u00a0 \u00a0 \u00a0 \u00a0 \u00a0 \u00a0 \u00a0 \u00a0 \u00a0 \u00a0 \u00a0 \u00a0 \u00a0 \u00a0 \u00a0 \u00a0 \u00a015.02.2017<\/p>\n<p>Gecti\u011fimiz g\u00fcnlerde Mersin Silifke caddesinde bir sokak r\u00f6p\u00f6rtaj\u0131na kat\u0131lan C\u0130NG\u00d6Z verdi\u011fi r\u00f6p\u00f6rtajda \u00fclkenin ekonomik durumunun k\u00f6t\u00fcye gitti\u011fini ve bu durumun h\u00fck\u00fcmetin politakalr\u0131ndan kaynakland\u0131\u011f\u0131n\u0131 \u00fclkenin tek adam sistemine ge\u00e7ti\u011fini Ak Parti h\u00fck\u00fcmetinin bu \u00fclkenin ba\u015f\u0131ndan gitmesi gerekti\u011fini T\u00fcrkiye&#8217;nin art\u0131k demokrati kle\u015fmesi gerekti\u011fini s\u00f6ylemi\u015fti.<\/p>\n<p>Yapt\u0131g\u0131 bu a\u00e7\u0131klamalardan sonra C\u0130NG\u00d6Z 12.02.2017 tarihinde sabaha kar\u015f\u0131 Mersin&#8217;in Akdeniz il\u00e7esine bagl\u0131 g\u00fcne\u015f mahallesinde bulunan evine Mersin Ter\u00f6rle M\u00fccadele polisleri tafar\u0131ndan bask\u0131n yap\u0131l\u0131p g\u00f6zalt\u0131na al\u0131nd\u0131\u011f\u0131 \u00f6\u011frenildi.<\/p>\n<p>Al\u0131nan bilgiye g\u00f6re C\u0130NG\u00d6Z&#8217;\u00fcn yapt\u0131g\u0131 r\u00f6portajdan kaynakl\u0131 Cumhurba\u015fkan\u0131na hakaret su\u00e7undan g\u00f6zalt\u0131na al\u0131nd\u0131g\u0131 ve ifadesinin al\u0131nmas\u0131n\u0131n ard\u0131ndan serbest b\u0131rak\u0131ld\u0131g\u0131 bilgisine ula\u015f\u0131ld\u0131.<\/p>\n","protected":false},"excerpt":{"rendered":"<p>Sokak r\u00f6portaj\u0131nda iktidar\u0131 ele\u015ftiren Nevzat C\u0130NG\u00d6Z&#8217;e g\u00f6zalt\u0131\u00a0 \u00a0 \u00a0 \u00a0 \u00a0 \u00a0 \u00a0 \u00a0 \u00a0 \u00a0 \u00a0 \u00a0 \u00a0 \u00a0 \u00a0 \u00a0 \u00a0 \u00a0 \u00a0 \u00a0 \u00a0 \u00a0 \u00a0 \u00a0 \u00a0 \u00a0 \u00a0 \u00a0 \u00a0 \u00a0 \u00a0 \u00a0 \u00a0 \u00a0 \u00a0 \u00a0 \u00a0 \u00a0 \u00a0 \u00a015.02.2017 Gecti\u011fimiz g\u00fcnlerde Mersin Silifke caddesinde bir sokak r\u00f6p\u00f6rtaj\u0131na kat\u0131lan [&hellip;]<\/p>\n","protected":false},"author":1,"featured_media":0,"parent":0,"menu_order":0,"comment_status":"closed","ping_status":"closed","template":"","meta":{"footnotes":""},"class_list":["post-61184","page","type-page","status-publish","hentry"],"yoast_head":"<!-- This site is optimized with the Yoast SEO plugin v26.9 - https:\/\/yoast.com\/product\/yoast-seo-wordpress\/ -->\n<title>Sokak R\u00f6portaj\u0131 haberi - Mersin Times<\/title>\n<meta name=\"robots\" content=\"index, follow, max-snippet:-1, max-image-preview:large, max-video-preview:-1\" \/>\n<link rel=\"canonical\" href=\"https:\/\/mersintimes.com\/?page_id=61184\" \/>\n<meta property=\"og:locale\" content=\"tr_TR\" \/>\n<meta property=\"og:type\" content=\"article\" \/>\n<meta property=\"og:title\" content=\"Sokak R\u00f6portaj\u0131 haberi - Mersin Times\" \/>\n<meta property=\"og:description\" content=\"Sokak r\u00f6portaj\u0131nda iktidar\u0131 ele\u015ftiren Nevzat C\u0130NG\u00d6Z&#8217;e g\u00f6zalt\u0131\u00a0 \u00a0 \u00a0 \u00a0 \u00a0 \u00a0 \u00a0 \u00a0 \u00a0 \u00a0 \u00a0 \u00a0 \u00a0 \u00a0 \u00a0 \u00a0 \u00a0 \u00a0 \u00a0 \u00a0 \u00a0 \u00a0 \u00a0 \u00a0 \u00a0 \u00a0 \u00a0 \u00a0 \u00a0 \u00a0 \u00a0 \u00a0 \u00a0 \u00a0 \u00a0 \u00a0 \u00a0 \u00a0 \u00a0 \u00a015.02.2017 Gecti\u011fimiz g\u00fcnlerde Mersin Silifke caddesinde bir sokak r\u00f6p\u00f6rtaj\u0131na kat\u0131lan [&hellip;]\" \/>\n<meta property=\"og:url\" content=\"https:\/\/mersintimes.com\/?page_id=61184\" \/>\n<meta property=\"og:site_name\" content=\"Mersin Times\" \/>\n<meta property=\"article:publisher\" content=\"http:\/\/facebook.com\/mersintimesgazetesi\" \/>\n<meta name=\"twitter:card\" content=\"summary_large_image\" \/>\n<meta name=\"twitter:site\" content=\"@keremturk_\" \/>\n<meta name=\"twitter:label1\" content=\"Tahmini okuma s\u00fcresi\" \/>\n\t<meta name=\"twitter:data1\" content=\"1 dakika\" \/>\n<script type=\"application\/ld+json\" class=\"yoast-schema-graph\">{\"@context\":\"https:\/\/schema.org\",\"@graph\":[{\"@type\":\"WebPage\",\"@id\":\"https:\/\/mersintimes.com\/?page_id=61184\",\"url\":\"https:\/\/mersintimes.com\/?page_id=61184\",\"name\":\"Sokak R\u00f6portaj\u0131 haberi - Mersin Times\",\"isPartOf\":{\"@id\":\"https:\/\/mersintimes.com\/#website\"},\"datePublished\":\"2022-11-05T22:29:37+00:00\",\"breadcrumb\":{\"@id\":\"https:\/\/mersintimes.com\/?page_id=61184#breadcrumb\"},\"inLanguage\":\"tr\",\"potentialAction\":[{\"@type\":\"ReadAction\",\"target\":[\"https:\/\/mersintimes.com\/?page_id=61184\"]}]},{\"@type\":\"BreadcrumbList\",\"@id\":\"https:\/\/mersintimes.com\/?page_id=61184#breadcrumb\",\"itemListElement\":[{\"@type\":\"ListItem\",\"position\":1,\"name\":\"Anasayfa\",\"item\":\"https:\/\/mersintimes.com\/\"},{\"@type\":\"ListItem\",\"position\":2,\"name\":\"Sokak R\u00f6portaj\u0131 haberi\"}]},{\"@type\":\"WebSite\",\"@id\":\"https:\/\/mersintimes.com\/#website\",\"url\":\"https:\/\/mersintimes.com\/\",\"name\":\"Mersin Times\",\"description\":\"Herkesin Haberi Olsun\",\"potentialAction\":[{\"@type\":\"SearchAction\",\"target\":{\"@type\":\"EntryPoint\",\"urlTemplate\":\"https:\/\/mersintimes.com\/?s={search_term_string}\"},\"query-input\":{\"@type\":\"PropertyValueSpecification\",\"valueRequired\":true,\"valueName\":\"search_term_string\"}}],\"inLanguage\":\"tr\"}]}<\/script>\n<!-- \/ Yoast SEO plugin. -->","yoast_head_json":{"title":"Sokak R\u00f6portaj\u0131 haberi - Mersin Times","robots":{"index":"index","follow":"follow","max-snippet":"max-snippet:-1","max-image-preview":"max-image-preview:large","max-video-preview":"max-video-preview:-1"},"canonical":"https:\/\/mersintimes.com\/?page_id=61184","og_locale":"tr_TR","og_type":"article","og_title":"Sokak R\u00f6portaj\u0131 haberi - Mersin Times","og_description":"Sokak r\u00f6portaj\u0131nda iktidar\u0131 ele\u015ftiren Nevzat C\u0130NG\u00d6Z&#8217;e g\u00f6zalt\u0131\u00a0 \u00a0 \u00a0 \u00a0 \u00a0 \u00a0 \u00a0 \u00a0 \u00a0 \u00a0 \u00a0 \u00a0 \u00a0 \u00a0 \u00a0 \u00a0 \u00a0 \u00a0 \u00a0 \u00a0 \u00a0 \u00a0 \u00a0 \u00a0 \u00a0 \u00a0 \u00a0 \u00a0 \u00a0 \u00a0 \u00a0 \u00a0 \u00a0 \u00a0 \u00a0 \u00a0 \u00a0 \u00a0 \u00a0 \u00a015.02.2017 Gecti\u011fimiz g\u00fcnlerde Mersin Silifke caddesinde bir sokak r\u00f6p\u00f6rtaj\u0131na kat\u0131lan [&hellip;]","og_url":"https:\/\/mersintimes.com\/?page_id=61184","og_site_name":"Mersin Times","article_publisher":"http:\/\/facebook.com\/mersintimesgazetesi","twitter_card":"summary_large_image","twitter_site":"@keremturk_","twitter_misc":{"Tahmini okuma s\u00fcresi":"1 dakika"},"schema":{"@context":"https:\/\/schema.org","@graph":[{"@type":"WebPage","@id":"https:\/\/mersintimes.com\/?page_id=61184","url":"https:\/\/mersintimes.com\/?page_id=61184","name":"Sokak R\u00f6portaj\u0131 haberi - Mersin Times","isPartOf":{"@id":"https:\/\/mersintimes.com\/#website"},"datePublished":"2022-11-05T22:29:37+00:00","breadcrumb":{"@id":"https:\/\/mersintimes.com\/?page_id=61184#breadcrumb"},"inLanguage":"tr","potentialAction":[{"@type":"ReadAction","target":["https:\/\/mersintimes.com\/?page_id=61184"]}]},{"@type":"BreadcrumbList","@id":"https:\/\/mersintimes.com\/?page_id=61184#breadcrumb","itemListElement":[{"@type":"ListItem","position":1,"name":"Anasayfa","item":"https:\/\/mersintimes.com\/"},{"@type":"ListItem","position":2,"name":"Sokak R\u00f6portaj\u0131 haberi"}]},{"@type":"WebSite","@id":"https:\/\/mersintimes.com\/#website","url":"https:\/\/mersintimes.com\/","name":"Mersin Times","description":"Herkesin Haberi Olsun","potentialAction":[{"@type":"SearchAction","target":{"@type":"EntryPoint","urlTemplate":"https:\/\/mersintimes.com\/?s={search_term_string}"},"query-input":{"@type":"PropertyValueSpecification","valueRequired":true,"valueName":"search_term_string"}}],"inLanguage":"tr"}]}},"_links":{"self":[{"href":"https:\/\/mersintimes.com\/index.php?rest_route=\/wp\/v2\/pages\/61184","targetHints":{"allow":["GET"]}}],"collection":[{"href":"https:\/\/mersintimes.com\/index.php?rest_route=\/wp\/v2\/pages"}],"about":[{"href":"https:\/\/mersintimes.com\/index.php?rest_route=\/wp\/v2\/types\/page"}],"author":[{"embeddable":true,"href":"https:\/\/mersintimes.com\/index.php?rest_route=\/wp\/v2\/users\/1"}],"replies":[{"embeddable":true,"href":"https:\/\/mersintimes.com\/index.php?rest_route=%2Fwp%2Fv2%2Fcomments&post=61184"}],"version-history":[{"count":0,"href":"https:\/\/mersintimes.com\/index.php?rest_route=\/wp\/v2\/pages\/61184\/revisions"}],"wp:attachment":[{"href":"https:\/\/mersintimes.com\/index.php?rest_route=%2Fwp%2Fv2%2Fmedia&parent=61184"}],"curies":[{"name":"wp","href":"https:\/\/api.w.org\/{rel}","templated":true}]}}