{"id":36912,"date":"2020-12-06T14:58:11","date_gmt":"2020-12-06T11:58:11","guid":{"rendered":"http:\/\/mersintimes.com\/hakkimizda\/"},"modified":"2021-12-04T01:16:18","modified_gmt":"2021-12-03T22:16:18","slug":"basinyayinilkeleri","status":"publish","type":"page","link":"https:\/\/mersintimes.com\/?page_id=36912","title":{"rendered":"Bas\u0131n ve yay\u0131n ilkeleri"},"content":{"rendered":"\r\n<h2 class=\"wp-block-heading\">Ba\u015fl\u0131k<\/h2>\r\n\r\n\r\n\r\n<p>Lorem Ipsum, dizgi ve bask\u0131 end\u00fcstrisinde kullan\u0131lan m\u0131g\u0131r metinlerdir. Lorem Ipsum, ad\u0131 bilinmeyen bir matbaac\u0131n\u0131n bir hurufat numune kitab\u0131 olu\u015fturmak \u00fczere bir yaz\u0131 galerisini alarak kar\u0131\u015ft\u0131rd\u0131\u011f\u0131 1500&#8217;lerden beri end\u00fcstri standard\u0131 sahte metinler olarak kullan\u0131lm\u0131\u015ft\u0131r. Be\u015fy\u00fcz y\u0131l boyunca varl\u0131\u011f\u0131n\u0131 s\u00fcrd\u00fcrmekle kalmam\u0131\u015f, ayn\u0131 zamanda pek de\u011fi\u015fmeden elektronik dizgiye de s\u0131\u00e7ram\u0131\u015ft\u0131r. 1960&#8217;larda Lorem Ipsum pasajlar\u0131 da i\u00e7eren Letraset yapraklar\u0131n\u0131n yay\u0131nlanmas\u0131 ile ve yak\u0131n zamanda Aldus PageMaker gibi Lorem Ipsum s\u00fcr\u00fcmleri i\u00e7eren masa\u00fcst\u00fc yay\u0131nc\u0131l\u0131k yaz\u0131l\u0131mlar\u0131 ile pop\u00fcler olmu\u015ftur.<\/p>\r\n","protected":false},"excerpt":{"rendered":"<p>Ba\u015fl\u0131k Lorem Ipsum, dizgi ve bask\u0131 end\u00fcstrisinde kullan\u0131lan m\u0131g\u0131r metinlerdir. Lorem Ipsum, ad\u0131 bilinmeyen bir matbaac\u0131n\u0131n bir hurufat numune kitab\u0131 olu\u015fturmak \u00fczere bir yaz\u0131 galerisini alarak kar\u0131\u015ft\u0131rd\u0131\u011f\u0131 1500&#8217;lerden beri end\u00fcstri standard\u0131 sahte metinler olarak kullan\u0131lm\u0131\u015ft\u0131r. Be\u015fy\u00fcz y\u0131l boyunca varl\u0131\u011f\u0131n\u0131 s\u00fcrd\u00fcrmekle kalmam\u0131\u015f, ayn\u0131 zamanda pek de\u011fi\u015fmeden elektronik dizgiye de s\u0131\u00e7ram\u0131\u015ft\u0131r. 1960&#8217;larda Lorem Ipsum pasajlar\u0131 da i\u00e7eren [&hellip;]<\/p>\n","protected":false},"author":1,"featured_media":0,"parent":0,"menu_order":0,"comment_status":"closed","ping_status":"closed","template":"","meta":{"footnotes":""},"class_list":["post-36912","page","type-page","status-publish","hentry"],"yoast_head":"<!-- This site is optimized with the Yoast SEO plugin v26.9 - https:\/\/yoast.com\/product\/yoast-seo-wordpress\/ -->\n<title>Bas\u0131n ve yay\u0131n ilkeleri - Mersin Times<\/title>\n<meta name=\"robots\" content=\"index, follow, max-snippet:-1, max-image-preview:large, max-video-preview:-1\" \/>\n<link rel=\"canonical\" href=\"https:\/\/mersintimes.com\/?page_id=36912\" \/>\n<meta property=\"og:locale\" content=\"tr_TR\" \/>\n<meta property=\"og:type\" content=\"article\" \/>\n<meta property=\"og:title\" content=\"Bas\u0131n ve yay\u0131n ilkeleri - Mersin Times\" \/>\n<meta property=\"og:description\" content=\"Ba\u015fl\u0131k Lorem Ipsum, dizgi ve bask\u0131 end\u00fcstrisinde kullan\u0131lan m\u0131g\u0131r metinlerdir. Lorem Ipsum, ad\u0131 bilinmeyen bir matbaac\u0131n\u0131n bir hurufat numune kitab\u0131 olu\u015fturmak \u00fczere bir yaz\u0131 galerisini alarak kar\u0131\u015ft\u0131rd\u0131\u011f\u0131 1500&#8217;lerden beri end\u00fcstri standard\u0131 sahte metinler olarak kullan\u0131lm\u0131\u015ft\u0131r. Be\u015fy\u00fcz y\u0131l boyunca varl\u0131\u011f\u0131n\u0131 s\u00fcrd\u00fcrmekle kalmam\u0131\u015f, ayn\u0131 zamanda pek de\u011fi\u015fmeden elektronik dizgiye de s\u0131\u00e7ram\u0131\u015ft\u0131r. 1960&#8217;larda Lorem Ipsum pasajlar\u0131 da i\u00e7eren [&hellip;]\" \/>\n<meta property=\"og:url\" content=\"https:\/\/mersintimes.com\/?page_id=36912\" \/>\n<meta property=\"og:site_name\" content=\"Mersin Times\" \/>\n<meta property=\"article:publisher\" content=\"http:\/\/facebook.com\/mersintimesgazetesi\" \/>\n<meta property=\"article:modified_time\" content=\"2021-12-03T22:16:18+00:00\" \/>\n<meta name=\"twitter:card\" content=\"summary_large_image\" \/>\n<meta name=\"twitter:site\" content=\"@keremturk_\" \/>\n<meta name=\"twitter:label1\" content=\"Tahmini okuma s\u00fcresi\" \/>\n\t<meta name=\"twitter:data1\" content=\"1 dakika\" \/>\n<script type=\"application\/ld+json\" class=\"yoast-schema-graph\">{\"@context\":\"https:\/\/schema.org\",\"@graph\":[{\"@type\":\"WebPage\",\"@id\":\"https:\/\/mersintimes.com\/?page_id=36912\",\"url\":\"https:\/\/mersintimes.com\/?page_id=36912\",\"name\":\"Bas\u0131n ve yay\u0131n ilkeleri - Mersin Times\",\"isPartOf\":{\"@id\":\"https:\/\/mersintimes.com\/#website\"},\"datePublished\":\"2020-12-06T11:58:11+00:00\",\"dateModified\":\"2021-12-03T22:16:18+00:00\",\"breadcrumb\":{\"@id\":\"https:\/\/mersintimes.com\/?page_id=36912#breadcrumb\"},\"inLanguage\":\"tr\",\"potentialAction\":[{\"@type\":\"ReadAction\",\"target\":[\"https:\/\/mersintimes.com\/?page_id=36912\"]}]},{\"@type\":\"BreadcrumbList\",\"@id\":\"https:\/\/mersintimes.com\/?page_id=36912#breadcrumb\",\"itemListElement\":[{\"@type\":\"ListItem\",\"position\":1,\"name\":\"Anasayfa\",\"item\":\"https:\/\/mersintimes.com\/\"},{\"@type\":\"ListItem\",\"position\":2,\"name\":\"Bas\u0131n ve yay\u0131n ilkeleri\"}]},{\"@type\":\"WebSite\",\"@id\":\"https:\/\/mersintimes.com\/#website\",\"url\":\"https:\/\/mersintimes.com\/\",\"name\":\"Mersin Times\",\"description\":\"Herkesin Haberi Olsun\",\"potentialAction\":[{\"@type\":\"SearchAction\",\"target\":{\"@type\":\"EntryPoint\",\"urlTemplate\":\"https:\/\/mersintimes.com\/?s={search_term_string}\"},\"query-input\":{\"@type\":\"PropertyValueSpecification\",\"valueRequired\":true,\"valueName\":\"search_term_string\"}}],\"inLanguage\":\"tr\"}]}<\/script>\n<!-- \/ Yoast SEO plugin. -->","yoast_head_json":{"title":"Bas\u0131n ve yay\u0131n ilkeleri - Mersin Times","robots":{"index":"index","follow":"follow","max-snippet":"max-snippet:-1","max-image-preview":"max-image-preview:large","max-video-preview":"max-video-preview:-1"},"canonical":"https:\/\/mersintimes.com\/?page_id=36912","og_locale":"tr_TR","og_type":"article","og_title":"Bas\u0131n ve yay\u0131n ilkeleri - Mersin Times","og_description":"Ba\u015fl\u0131k Lorem Ipsum, dizgi ve bask\u0131 end\u00fcstrisinde kullan\u0131lan m\u0131g\u0131r metinlerdir. Lorem Ipsum, ad\u0131 bilinmeyen bir matbaac\u0131n\u0131n bir hurufat numune kitab\u0131 olu\u015fturmak \u00fczere bir yaz\u0131 galerisini alarak kar\u0131\u015ft\u0131rd\u0131\u011f\u0131 1500&#8217;lerden beri end\u00fcstri standard\u0131 sahte metinler olarak kullan\u0131lm\u0131\u015ft\u0131r. Be\u015fy\u00fcz y\u0131l boyunca varl\u0131\u011f\u0131n\u0131 s\u00fcrd\u00fcrmekle kalmam\u0131\u015f, ayn\u0131 zamanda pek de\u011fi\u015fmeden elektronik dizgiye de s\u0131\u00e7ram\u0131\u015ft\u0131r. 1960&#8217;larda Lorem Ipsum pasajlar\u0131 da i\u00e7eren [&hellip;]","og_url":"https:\/\/mersintimes.com\/?page_id=36912","og_site_name":"Mersin Times","article_publisher":"http:\/\/facebook.com\/mersintimesgazetesi","article_modified_time":"2021-12-03T22:16:18+00:00","twitter_card":"summary_large_image","twitter_site":"@keremturk_","twitter_misc":{"Tahmini okuma s\u00fcresi":"1 dakika"},"schema":{"@context":"https:\/\/schema.org","@graph":[{"@type":"WebPage","@id":"https:\/\/mersintimes.com\/?page_id=36912","url":"https:\/\/mersintimes.com\/?page_id=36912","name":"Bas\u0131n ve yay\u0131n ilkeleri - Mersin Times","isPartOf":{"@id":"https:\/\/mersintimes.com\/#website"},"datePublished":"2020-12-06T11:58:11+00:00","dateModified":"2021-12-03T22:16:18+00:00","breadcrumb":{"@id":"https:\/\/mersintimes.com\/?page_id=36912#breadcrumb"},"inLanguage":"tr","potentialAction":[{"@type":"ReadAction","target":["https:\/\/mersintimes.com\/?page_id=36912"]}]},{"@type":"BreadcrumbList","@id":"https:\/\/mersintimes.com\/?page_id=36912#breadcrumb","itemListElement":[{"@type":"ListItem","position":1,"name":"Anasayfa","item":"https:\/\/mersintimes.com\/"},{"@type":"ListItem","position":2,"name":"Bas\u0131n ve yay\u0131n ilkeleri"}]},{"@type":"WebSite","@id":"https:\/\/mersintimes.com\/#website","url":"https:\/\/mersintimes.com\/","name":"Mersin Times","description":"Herkesin Haberi Olsun","potentialAction":[{"@type":"SearchAction","target":{"@type":"EntryPoint","urlTemplate":"https:\/\/mersintimes.com\/?s={search_term_string}"},"query-input":{"@type":"PropertyValueSpecification","valueRequired":true,"valueName":"search_term_string"}}],"inLanguage":"tr"}]}},"_links":{"self":[{"href":"https:\/\/mersintimes.com\/index.php?rest_route=\/wp\/v2\/pages\/36912","targetHints":{"allow":["GET"]}}],"collection":[{"href":"https:\/\/mersintimes.com\/index.php?rest_route=\/wp\/v2\/pages"}],"about":[{"href":"https:\/\/mersintimes.com\/index.php?rest_route=\/wp\/v2\/types\/page"}],"author":[{"embeddable":true,"href":"https:\/\/mersintimes.com\/index.php?rest_route=\/wp\/v2\/users\/1"}],"replies":[{"embeddable":true,"href":"https:\/\/mersintimes.com\/index.php?rest_route=%2Fwp%2Fv2%2Fcomments&post=36912"}],"version-history":[{"count":0,"href":"https:\/\/mersintimes.com\/index.php?rest_route=\/wp\/v2\/pages\/36912\/revisions"}],"wp:attachment":[{"href":"https:\/\/mersintimes.com\/index.php?rest_route=%2Fwp%2Fv2%2Fmedia&parent=36912"}],"curies":[{"name":"wp","href":"https:\/\/api.w.org\/{rel}","templated":true}]}}